{"id":62,"date":"2026-02-04T16:30:49","date_gmt":"2026-02-04T16:30:49","guid":{"rendered":"https:\/\/tochito.org\/?page_id=62"},"modified":"2026-02-04T16:37:59","modified_gmt":"2026-02-04T16:37:59","slug":"registro-ligas-01","status":"publish","type":"page","link":"https:\/\/tochito.org\/index.php\/registro-ligas-01\/","title":{"rendered":"Registro Ligas &#8211; 01"},"content":{"rendered":"\t\t<div data-elementor-type=\"wp-page\" data-elementor-id=\"62\" class=\"elementor elementor-62\" data-elementor-post-type=\"page\">\n\t\t\t\t<div class=\"elementor-element elementor-element-ec3ffab e-flex e-con-boxed e-con e-parent\" data-id=\"ec3ffab\" data-element_type=\"container\">\n\t\t\t\t\t<div class=\"e-con-inner\">\n\t\t\t\t<div class=\"elementor-element elementor-element-1bfd724 elementor-widget elementor-widget-image\" data-id=\"1bfd724\" data-element_type=\"widget\" data-widget_type=\"image.default\">\n\t\t\t\t\t\t\t\t\t\t\t\t\t\t\t<img fetchpriority=\"high\" decoding=\"async\" width=\"800\" height=\"261\" src=\"https:\/\/tochito.org\/wp-content\/uploads\/2026\/01\/LOGOTIPO-COLORES-1024x334.png\" class=\"attachment-large size-large wp-image-50\" alt=\"\" srcset=\"https:\/\/tochito.org\/wp-content\/uploads\/2026\/01\/LOGOTIPO-COLORES-1024x334.png 1024w, https:\/\/tochito.org\/wp-content\/uploads\/2026\/01\/LOGOTIPO-COLORES-300x98.png 300w, https:\/\/tochito.org\/wp-content\/uploads\/2026\/01\/LOGOTIPO-COLORES-768x250.png 768w, https:\/\/tochito.org\/wp-content\/uploads\/2026\/01\/LOGOTIPO-COLORES-1536x501.png 1536w, https:\/\/tochito.org\/wp-content\/uploads\/2026\/01\/LOGOTIPO-COLORES.png 1749w\" sizes=\"(max-width: 800px) 100vw, 800px\" \/>\t\t\t\t\t\t\t\t\t\t\t\t\t\t\t<\/div>\n\t\t\t\t<div class=\"elementor-element elementor-element-02e087f elementor-widget elementor-widget-heading\" data-id=\"02e087f\" data-element_type=\"widget\" data-widget_type=\"heading.default\">\n\t\t\t\t\t<h2 class=\"elementor-heading-title elementor-size-default\">Registro de ligas de tochito en M\u00e9xico<\/h2>\t\t\t\t<\/div>\n\t\t\t\t<div class=\"elementor-element elementor-element-5d080f6 elementor-widget elementor-widget-text-editor\" data-id=\"5d080f6\" data-element_type=\"widget\" data-widget_type=\"text-editor.default\">\n\t\t\t\t\t\t\t\t\t<p>Estamos construyendo un mapa comunitario del tochito en todo el pa\u00eds. Si organizas una liga, reg\u00edstrala y ay\u00fadanos a dar visibilidad al deporte.<\/p>\t\t\t\t\t\t\t\t<\/div>\n\t\t\t\t\t<\/div>\n\t\t\t\t<\/div>\n\t\t<div class=\"elementor-element elementor-element-84bb766 e-flex e-con-boxed e-con e-parent\" data-id=\"84bb766\" data-element_type=\"container\">\n\t\t\t\t\t<div class=\"e-con-inner\">\n\t\t\t\t<div class=\"elementor-element elementor-element-fa7867c elementor-button-align-stretch elementor-widget elementor-widget-form\" data-id=\"fa7867c\" data-element_type=\"widget\" data-settings=\"{&quot;step_next_label&quot;:&quot;Next&quot;,&quot;step_previous_label&quot;:&quot;Previous&quot;,&quot;button_width&quot;:&quot;100&quot;,&quot;step_type&quot;:&quot;number_text&quot;,&quot;step_icon_shape&quot;:&quot;circle&quot;}\" data-widget_type=\"form.default\">\n\t\t\t\t\t\t\t<form class=\"elementor-form\" method=\"post\" name=\"New Form\" aria-label=\"New Form\">\r\n\t\t\t<input type=\"hidden\" name=\"post_id\" value=\"62\"\/>\r\n\t\t\t<input type=\"hidden\" name=\"form_id\" value=\"fa7867c\"\/>\r\n\t\t\t<input type=\"hidden\" name=\"referer_title\" value=\"Registro Ligas &#8211; 01\" \/>\r\n\r\n\t\t\t\t\t\t\t<input type=\"hidden\" name=\"queried_id\" value=\"62\"\/>\r\n\t\t\t\r\n\t\t\t<div class=\"elementor-form-fields-wrapper elementor-labels-above\">\r\n\t\t\t\t\t\t\t\t<div class=\"elementor-field-type-text elementor-field-group elementor-column elementor-field-group-name elementor-col-100 elementor-field-required\">\r\n\t\t\t\t\t\t\t\t\t\t\t\t<label for=\"form-field-name\" class=\"elementor-field-label\">\r\n\t\t\t\t\t\t\t\tNombre de la Liga\t\t\t\t\t\t\t<\/label>\r\n\t\t\t\t\t\t\t\t\t\t\t\t\t\t<input size=\"1\" type=\"text\" name=\"form_fields[name]\" id=\"form-field-name\" class=\"elementor-field elementor-size-sm  elementor-field-textual\" placeholder=\"Nombre de la Liga\" required=\"required\">\r\n\t\t\t\t\t\t\t\t\t\t\t<\/div>\r\n\t\t\t\t\t\t\t\t<div class=\"elementor-field-type-select elementor-field-group elementor-column elementor-field-group-email elementor-col-100 elementor-field-required\">\r\n\t\t\t\t\t\t\t\t\t\t\t\t<label for=\"form-field-email\" class=\"elementor-field-label\">\r\n\t\t\t\t\t\t\t\tEstado\t\t\t\t\t\t\t<\/label>\r\n\t\t\t\t\t\t\t\t<div class=\"elementor-field elementor-select-wrapper remove-before \">\r\n\t\t\t<div class=\"select-caret-down-wrapper\">\r\n\t\t\t\t<svg aria-hidden=\"true\" class=\"e-font-icon-svg e-eicon-caret-down\" viewBox=\"0 0 571.4 571.4\" xmlns=\"http:\/\/www.w3.org\/2000\/svg\"><path d=\"M571 393Q571 407 561 418L311 668Q300 679 286 679T261 668L11 418Q0 407 0 393T11 368 36 357H536Q550 357 561 368T571 393Z\"><\/path><\/svg>\t\t\t<\/div>\r\n\t\t\t<select name=\"form_fields[email]\" id=\"form-field-email\" class=\"elementor-field-textual elementor-size-sm\" required=\"required\">\r\n\t\t\t\t\t\t\t\t\t<option value=\"Aguascalientes \">Aguascalientes <\/option>\r\n\t\t\t\t\t\t\t\t\t<option value=\"Baja California \">Baja California <\/option>\r\n\t\t\t\t\t\t\t\t\t<option value=\"Baja California Sur\">Baja California Sur<\/option>\r\n\t\t\t\t\t\t\t\t\t<option value=\"Campeche\">Campeche<\/option>\r\n\t\t\t\t\t\t\t\t\t<option value=\"Chiapas\">Chiapas<\/option>\r\n\t\t\t\t\t\t\t\t\t<option value=\"Chihuahua\">Chihuahua<\/option>\r\n\t\t\t\t\t\t\t\t\t<option value=\"Ciudad de M\u00e9xico \">Ciudad de M\u00e9xico <\/option>\r\n\t\t\t\t\t\t\t\t\t<option value=\"Coahuila \">Coahuila <\/option>\r\n\t\t\t\t\t\t\t\t\t<option value=\"Colima \">Colima <\/option>\r\n\t\t\t\t\t\t\t\t\t<option value=\"Durango\">Durango<\/option>\r\n\t\t\t\t\t\t\t\t\t<option value=\"Estado de M\u00e9xico\">Estado de M\u00e9xico<\/option>\r\n\t\t\t\t\t\t\t\t\t<option value=\"Guanajuato\">Guanajuato<\/option>\r\n\t\t\t\t\t\t\t\t\t<option value=\"Guerrero\">Guerrero<\/option>\r\n\t\t\t\t\t\t\t\t\t<option value=\"Hidalgo\">Hidalgo<\/option>\r\n\t\t\t\t\t\t\t\t\t<option value=\"Jalisco\">Jalisco<\/option>\r\n\t\t\t\t\t\t\t\t\t<option value=\"Michoac\u00e1n\">Michoac\u00e1n<\/option>\r\n\t\t\t\t\t\t\t\t\t<option value=\"Morelos\">Morelos<\/option>\r\n\t\t\t\t\t\t\t\t\t<option value=\"Nayarit\">Nayarit<\/option>\r\n\t\t\t\t\t\t\t\t\t<option value=\"Nuevo Le\u00f3n\">Nuevo Le\u00f3n<\/option>\r\n\t\t\t\t\t\t\t\t\t<option value=\"Oaxaca\">Oaxaca<\/option>\r\n\t\t\t\t\t\t\t\t\t<option value=\"Puebla\">Puebla<\/option>\r\n\t\t\t\t\t\t\t\t\t<option value=\"Quer\u00e9taro\">Quer\u00e9taro<\/option>\r\n\t\t\t\t\t\t\t\t\t<option value=\"Quintana Roo\">Quintana Roo<\/option>\r\n\t\t\t\t\t\t\t\t\t<option value=\"San Luis Potos\u00ed\">San Luis Potos\u00ed<\/option>\r\n\t\t\t\t\t\t\t\t\t<option value=\"Sinaloa\">Sinaloa<\/option>\r\n\t\t\t\t\t\t\t\t\t<option value=\"Sonora\">Sonora<\/option>\r\n\t\t\t\t\t\t\t\t\t<option value=\"Tabasco\">Tabasco<\/option>\r\n\t\t\t\t\t\t\t\t\t<option value=\"Tamaulipas\">Tamaulipas<\/option>\r\n\t\t\t\t\t\t\t\t\t<option value=\"Tlaxcala\">Tlaxcala<\/option>\r\n\t\t\t\t\t\t\t\t\t<option value=\"Veracruz\">Veracruz<\/option>\r\n\t\t\t\t\t\t\t\t\t<option value=\"Yucat\u00e1n\">Yucat\u00e1n<\/option>\r\n\t\t\t\t\t\t\t\t\t<option value=\"Zacatecas\">Zacatecas<\/option>\r\n\t\t\t\t\t\t\t<\/select>\r\n\t\t<\/div>\r\n\t\t\t\t\t\t<\/div>\r\n\t\t\t\t\t\t\t\t<div class=\"elementor-field-type-text elementor-field-group elementor-column elementor-field-group-field_00ca2ee elementor-col-100 elementor-field-required\">\r\n\t\t\t\t\t\t\t\t\t\t\t\t<label for=\"form-field-field_00ca2ee\" class=\"elementor-field-label\">\r\n\t\t\t\t\t\t\t\tCiudad\t\t\t\t\t\t\t<\/label>\r\n\t\t\t\t\t\t\t\t\t\t\t\t\t\t<input size=\"1\" type=\"text\" name=\"form_fields[field_00ca2ee]\" id=\"form-field-field_00ca2ee\" class=\"elementor-field elementor-size-sm  elementor-field-textual\" placeholder=\"Ciudad\" required=\"required\">\r\n\t\t\t\t\t\t\t\t\t\t\t<\/div>\r\n\t\t\t\t\t\t\t\t<div class=\"elementor-field-type-checkbox elementor-field-group elementor-column elementor-field-group-field_105ca6c elementor-col-100\">\r\n\t\t\t\t\t\t\t\t\t\t\t\t<label for=\"form-field-field_105ca6c\" class=\"elementor-field-label\">\r\n\t\t\t\t\t\t\t\tCategor\u00edas\t\t\t\t\t\t\t<\/label>\r\n\t\t\t\t\t\t<div class=\"elementor-field-subgroup  \"><span class=\"elementor-field-option\"><input type=\"checkbox\" value=\"Infantil\" id=\"form-field-field_105ca6c-0\" name=\"form_fields[field_105ca6c][]\"> <label for=\"form-field-field_105ca6c-0\">Infantil<\/label><\/span><span class=\"elementor-field-option\"><input type=\"checkbox\" value=\"Juvenil\" id=\"form-field-field_105ca6c-1\" name=\"form_fields[field_105ca6c][]\"> <label for=\"form-field-field_105ca6c-1\">Juvenil<\/label><\/span><span class=\"elementor-field-option\"><input type=\"checkbox\" value=\"Libre \" id=\"form-field-field_105ca6c-2\" name=\"form_fields[field_105ca6c][]\"> <label for=\"form-field-field_105ca6c-2\">Libre <\/label><\/span><span class=\"elementor-field-option\"><input type=\"checkbox\" value=\"Mixto\" id=\"form-field-field_105ca6c-3\" name=\"form_fields[field_105ca6c][]\"> <label for=\"form-field-field_105ca6c-3\">Mixto<\/label><\/span><span class=\"elementor-field-option\"><input type=\"checkbox\" value=\"Varonil\" id=\"form-field-field_105ca6c-4\" name=\"form_fields[field_105ca6c][]\"> <label for=\"form-field-field_105ca6c-4\">Varonil<\/label><\/span><span class=\"elementor-field-option\"><input type=\"checkbox\" value=\"Femenil\" id=\"form-field-field_105ca6c-5\" name=\"form_fields[field_105ca6c][]\"> <label for=\"form-field-field_105ca6c-5\">Femenil<\/label><\/span><span class=\"elementor-field-option\"><input type=\"checkbox\" value=\"Master\" id=\"form-field-field_105ca6c-6\" name=\"form_fields[field_105ca6c][]\"> <label for=\"form-field-field_105ca6c-6\">Master<\/label><\/span><\/div>\t\t\t\t<\/div>\r\n\t\t\t\t\t\t\t\t<div class=\"elementor-field-type-select elementor-field-group elementor-column elementor-field-group-field_2d9c87c elementor-col-100\">\r\n\t\t\t\t\t\t\t\t\t\t\t\t<label for=\"form-field-field_2d9c87c\" class=\"elementor-field-label\">\r\n\t\t\t\t\t\t\t\tRed social principal de la liga\t\t\t\t\t\t\t<\/label>\r\n\t\t\t\t\t\t\t\t<div class=\"elementor-field elementor-select-wrapper remove-before \">\r\n\t\t\t<div class=\"select-caret-down-wrapper\">\r\n\t\t\t\t<svg aria-hidden=\"true\" class=\"e-font-icon-svg e-eicon-caret-down\" viewBox=\"0 0 571.4 571.4\" xmlns=\"http:\/\/www.w3.org\/2000\/svg\"><path d=\"M571 393Q571 407 561 418L311 668Q300 679 286 679T261 668L11 418Q0 407 0 393T11 368 36 357H536Q550 357 561 368T571 393Z\"><\/path><\/svg>\t\t\t<\/div>\r\n\t\t\t<select name=\"form_fields[field_2d9c87c]\" id=\"form-field-field_2d9c87c\" class=\"elementor-field-textual elementor-size-sm\">\r\n\t\t\t\t\t\t\t\t\t<option value=\"Facebook\">Facebook<\/option>\r\n\t\t\t\t\t\t\t\t\t<option value=\"Instagram\">Instagram<\/option>\r\n\t\t\t\t\t\t\t\t\t<option value=\"TikTok\">TikTok<\/option>\r\n\t\t\t\t\t\t\t\t\t<option value=\"Otra\">Otra<\/option>\r\n\t\t\t\t\t\t\t<\/select>\r\n\t\t<\/div>\r\n\t\t\t\t\t\t<\/div>\r\n\t\t\t\t\t\t\t\t<div class=\"elementor-field-type-text elementor-field-group elementor-column elementor-field-group-field_475a853 elementor-col-100\">\r\n\t\t\t\t\t\t\t\t\t\t\t\t<label for=\"form-field-field_475a853\" class=\"elementor-field-label\">\r\n\t\t\t\t\t\t\t\tNombre de Contacto\t\t\t\t\t\t\t<\/label>\r\n\t\t\t\t\t\t\t\t\t\t\t\t\t\t<input size=\"1\" type=\"text\" name=\"form_fields[field_475a853]\" id=\"form-field-field_475a853\" class=\"elementor-field elementor-size-sm  elementor-field-textual\" placeholder=\"Nombre del contacto\">\r\n\t\t\t\t\t\t\t\t\t\t\t<\/div>\r\n\t\t\t\t\t\t\t\t<div class=\"elementor-field-group elementor-column elementor-field-type-submit elementor-col-100 e-form__buttons\">\r\n\t\t\t\t\t<button class=\"elementor-button elementor-size-sm\" type=\"submit\">\r\n\t\t\t\t\t\t<span class=\"elementor-button-content-wrapper\">\r\n\t\t\t\t\t\t\t\t\t\t\t\t\t\t\t\t\t\t\t\t\t\t<span class=\"elementor-button-text\">Registrar mi Liga<\/span>\r\n\t\t\t\t\t\t\t\t\t\t\t\t\t<\/span>\r\n\t\t\t\t\t<\/button>\r\n\t\t\t\t<\/div>\r\n\t\t\t<\/div>\r\n\t\t<\/form>\r\n\t\t\t\t\t\t<\/div>\n\t\t\t\t\t<\/div>\n\t\t\t\t<\/div>\n\t\t\t\t<\/div>\n\t\t","protected":false},"excerpt":{"rendered":"<p>Registro de ligas de tochito en M\u00e9xico Estamos construyendo un mapa comunitario del tochito en todo el pa\u00eds. Si organizas una liga, reg\u00edstrala y ay\u00fadanos a dar visibilidad al deporte.<\/p>\n","protected":false},"author":1,"featured_media":0,"parent":0,"menu_order":0,"comment_status":"closed","ping_status":"closed","template":"","meta":{"footnotes":""},"class_list":["post-62","page","type-page","status-publish","hentry"],"_links":{"self":[{"href":"https:\/\/tochito.org\/index.php\/wp-json\/wp\/v2\/pages\/62","targetHints":{"allow":["GET"]}}],"collection":[{"href":"https:\/\/tochito.org\/index.php\/wp-json\/wp\/v2\/pages"}],"about":[{"href":"https:\/\/tochito.org\/index.php\/wp-json\/wp\/v2\/types\/page"}],"author":[{"embeddable":true,"href":"https:\/\/tochito.org\/index.php\/wp-json\/wp\/v2\/users\/1"}],"replies":[{"embeddable":true,"href":"https:\/\/tochito.org\/index.php\/wp-json\/wp\/v2\/comments?post=62"}],"version-history":[{"count":7,"href":"https:\/\/tochito.org\/index.php\/wp-json\/wp\/v2\/pages\/62\/revisions"}],"predecessor-version":[{"id":70,"href":"https:\/\/tochito.org\/index.php\/wp-json\/wp\/v2\/pages\/62\/revisions\/70"}],"wp:attachment":[{"href":"https:\/\/tochito.org\/index.php\/wp-json\/wp\/v2\/media?parent=62"}],"curies":[{"name":"wp","href":"https:\/\/api.w.org\/{rel}","templated":true}]}}